{"id":21,"date":"2023-04-20T17:30:31","date_gmt":"2023-04-20T17:30:31","guid":{"rendered":"https:\/\/ozziemelendez.com\/e-book\/?post_type=product&#038;p=21"},"modified":"2023-04-24T15:44:20","modified_gmt":"2023-04-24T15:44:20","slug":"flexibilidad-dinamica-para-trombon-ebook","status":"publish","type":"product","link":"https:\/\/ozziemelendez.com\/e-book\/product\/flexibilidad-dinamica-para-trombon-ebook\/","title":{"rendered":"Flexibilidad Din\u00e1mica Para Tromb\u00f3n- Ebook"},"content":{"rendered":"<p>[et_pb_section fb_built=&#8221;1&#8243; _builder_version=&#8221;4.16&#8243; custom_padding=&#8221;0px||||false|false&#8221; global_colors_info=&#8221;{}&#8221;][et_pb_row _builder_version=&#8221;4.16&#8243; background_size=&#8221;initial&#8221; background_position=&#8221;top_left&#8221; background_repeat=&#8221;repeat&#8221; width=&#8221;100%&#8221; custom_padding=&#8221;0px||0px||false|false&#8221; global_colors_info=&#8221;{}&#8221;][et_pb_column type=&#8221;4_4&#8243; _builder_version=&#8221;4.16&#8243; custom_padding=&#8221;|||&#8221; global_colors_info=&#8221;{}&#8221; custom_padding__hover=&#8221;|||&#8221;][et_pb_wc_breadcrumb _builder_version=&#8221;4.20.4&#8243; body_text_color=&#8221;#000000&#8243; global_colors_info=&#8221;{}&#8221;][\/et_pb_wc_breadcrumb][et_pb_wc_cart_notice _builder_version=&#8221;4.20.4&#8243; background_color=&#8221;#000000&#8243; custom_button=&#8221;on&#8221; button_text_color=&#8221;#000000&#8243; button_bg_color=&#8221;#36bdc7&#8243; global_colors_info=&#8221;{}&#8221;][\/et_pb_wc_cart_notice][\/et_pb_column][\/et_pb_row][et_pb_row column_structure=&#8221;1_2,1_2&#8243; _builder_version=&#8221;4.16&#8243; background_size=&#8221;initial&#8221; background_position=&#8221;top_left&#8221; background_repeat=&#8221;repeat&#8221; width=&#8221;100%&#8221; custom_padding=&#8221;0px||||false|false&#8221; global_colors_info=&#8221;{}&#8221;][et_pb_column type=&#8221;1_2&#8243; _builder_version=&#8221;4.16&#8243; custom_padding=&#8221;|||&#8221; global_colors_info=&#8221;{}&#8221; custom_padding__hover=&#8221;|||&#8221;][et_pb_wc_images _builder_version=&#8221;4.16&#8243; global_colors_info=&#8221;{}&#8221;][\/et_pb_wc_images][\/et_pb_column][et_pb_column type=&#8221;1_2&#8243; _builder_version=&#8221;4.16&#8243; custom_padding=&#8221;|||&#8221; global_colors_info=&#8221;{}&#8221; custom_padding__hover=&#8221;|||&#8221;][et_pb_wc_title _builder_version=&#8221;4.20.4&#8243; header_text_color=&#8221;#36bdc7&#8243; header_font_size=&#8221;45px&#8221; global_colors_info=&#8221;{}&#8221;][\/et_pb_wc_title][et_pb_wc_rating _builder_version=&#8221;4.20.4&#8243; rating_text_color=&#8221;#000000&#8243; body_text_color=&#8221;#000000&#8243; global_colors_info=&#8221;{}&#8221;][\/et_pb_wc_rating][et_pb_wc_price _builder_version=&#8221;4.20.4&#8243; body_text_color=&#8221;#000000&#8243; body_font_size=&#8221;40px&#8221; global_colors_info=&#8221;{}&#8221;][\/et_pb_wc_price][et_pb_wc_description _builder_version=&#8221;4.20.4&#8243; body_text_color=&#8221;#000000&#8243; global_colors_info=&#8221;{}&#8221;][\/et_pb_wc_description][et_pb_wc_add_to_cart _builder_version=&#8221;4.20.4&#8243; fields_background_color=&#8221;#FFFFFF&#8221; fields_text_color=&#8221;#000000&#8243; custom_button=&#8221;on&#8221; button_text_color=&#8221;#000000&#8243; button_bg_color=&#8221;#36bdc7&#8243; global_colors_info=&#8221;{}&#8221;][\/et_pb_wc_add_to_cart][et_pb_wc_meta _builder_version=&#8221;4.20.4&#8243; body_text_color=&#8221;#000000&#8243; global_colors_info=&#8221;{}&#8221;][\/et_pb_wc_meta][\/et_pb_column][\/et_pb_row][\/et_pb_section]<\/p>\n","protected":false},"excerpt":{"rendered":"<h2>***IMPORTANTE***<\/h2>\n<p>Una vez que haya comprado el libro electr\u00f3nico, ser\u00e1 dirigido a la p\u00e1gina de confirmaci\u00f3n de su pedido; haga clic en el enlace \u201cDescargar archivos PDF y de audio aqu\u00ed\u201d para la parte de audio del libro. Necesitar\u00e1 estos archivos de audio para seguir junto con los ejercicios de flexibilidad. Tenga en cuenta que hay una descarga \u00fanica por compra. Si tiene alguna pregunta, no dude en ponerse en contacto conmigo en\u00a0dynamicflex1@gmail.com. Gracia<\/p>\n<p><b>Bonus:<\/b><\/p>\n<p>Audio Adicional para Trompetistas<\/p>\n<p>Gerardo Rodr\u00edguez (Marc Anthony Band) toca el ejercicio #15 y todo el Cap\u00edtulo 2 a 90 bpm<\/p>\n","protected":false},"featured_media":22,"comment_status":"open","ping_status":"closed","template":"","meta":{"_et_pb_use_builder":"on","_et_pb_old_content":"","_et_gb_content_width":"","om_disable_all_campaigns":false},"product_brand":[],"product_cat":[18],"product_tag":[20],"class_list":{"0":"post-21","1":"product","2":"type-product","3":"status-publish","4":"has-post-thumbnail","6":"product_cat-e-book","7":"product_tag-trombon","9":"first","10":"instock","11":"downloadable","12":"virtual","13":"purchasable","14":"product-type-simple"},"aioseo_notices":[],"yoast_head":"<!-- This site is optimized with the Yoast SEO plugin v27.3 - https:\/\/yoast.com\/product\/yoast-seo-wordpress\/ -->\n<title>Flexibilidad Din\u00e1mica Para Tromb\u00f3n- Ebook - E-Book<\/title>\n<meta name=\"description\" content=\"&quot;These are some of the best flexibility exercises I\u2019ve ever been challenged with. Take it on and good luck! \u201c -Luis Bonilla\" \/>\n<meta name=\"robots\" content=\"index, follow, max-snippet:-1, max-image-preview:large, max-video-preview:-1\" \/>\n<link rel=\"canonical\" href=\"https:\/\/ozziemelendez.com\/e-book\/product\/flexibilidad-dinamica-para-trombon-ebook\/\" \/>\n<meta property=\"og:locale\" content=\"en_US\" \/>\n<meta property=\"og:type\" content=\"article\" \/>\n<meta property=\"og:title\" content=\"Flexibilidad Din\u00e1mica Para Tromb\u00f3n- Ebook - E-Book\" \/>\n<meta property=\"og:description\" content=\"&quot;These are some of the best flexibility exercises I\u2019ve ever been challenged with. Take it on and good luck! \u201c -Luis Bonilla\" \/>\n<meta property=\"og:url\" content=\"https:\/\/ozziemelendez.com\/e-book\/product\/flexibilidad-dinamica-para-trombon-ebook\/\" \/>\n<meta property=\"og:site_name\" content=\"E-Book\" \/>\n<meta property=\"article:modified_time\" content=\"2023-04-24T15:44:20+00:00\" \/>\n<meta property=\"og:image\" content=\"https:\/\/ozziemelendez.com\/e-book\/wp-content\/uploads\/2023\/04\/trombon-spanish-846x1024.png\" \/>\n\t<meta property=\"og:image:width\" content=\"846\" \/>\n\t<meta property=\"og:image:height\" content=\"1024\" \/>\n\t<meta property=\"og:image:type\" content=\"image\/png\" \/>\n<meta name=\"twitter:card\" content=\"summary_large_image\" \/>\n<meta name=\"twitter:label1\" content=\"Est. reading time\" \/>\n\t<meta name=\"twitter:data1\" content=\"1 minute\" \/>\n<script type=\"application\/ld+json\" class=\"yoast-schema-graph\">{\"@context\":\"https:\\\/\\\/schema.org\",\"@graph\":[{\"@type\":\"WebPage\",\"@id\":\"https:\\\/\\\/ozziemelendez.com\\\/e-book\\\/product\\\/flexibilidad-dinamica-para-trombon-ebook\\\/\",\"url\":\"https:\\\/\\\/ozziemelendez.com\\\/e-book\\\/product\\\/flexibilidad-dinamica-para-trombon-ebook\\\/\",\"name\":\"Flexibilidad Din\u00e1mica Para Tromb\u00f3n- Ebook - E-Book\",\"isPartOf\":{\"@id\":\"https:\\\/\\\/ozziemelendez.com\\\/e-book\\\/#website\"},\"primaryImageOfPage\":{\"@id\":\"https:\\\/\\\/ozziemelendez.com\\\/e-book\\\/product\\\/flexibilidad-dinamica-para-trombon-ebook\\\/#primaryimage\"},\"image\":{\"@id\":\"https:\\\/\\\/ozziemelendez.com\\\/e-book\\\/product\\\/flexibilidad-dinamica-para-trombon-ebook\\\/#primaryimage\"},\"thumbnailUrl\":\"https:\\\/\\\/ozziemelendez.com\\\/e-book\\\/wp-content\\\/uploads\\\/2023\\\/04\\\/trombon-spanish.png\",\"datePublished\":\"2023-04-20T17:30:31+00:00\",\"dateModified\":\"2023-04-24T15:44:20+00:00\",\"description\":\"\\\"These are some of the best flexibility exercises I\u2019ve ever been challenged with. Take it on and good luck! \u201c -Luis Bonilla\",\"breadcrumb\":{\"@id\":\"https:\\\/\\\/ozziemelendez.com\\\/e-book\\\/product\\\/flexibilidad-dinamica-para-trombon-ebook\\\/#breadcrumb\"},\"inLanguage\":\"en-US\",\"potentialAction\":[{\"@type\":\"ReadAction\",\"target\":[\"https:\\\/\\\/ozziemelendez.com\\\/e-book\\\/product\\\/flexibilidad-dinamica-para-trombon-ebook\\\/\"]}]},{\"@type\":\"ImageObject\",\"inLanguage\":\"en-US\",\"@id\":\"https:\\\/\\\/ozziemelendez.com\\\/e-book\\\/product\\\/flexibilidad-dinamica-para-trombon-ebook\\\/#primaryimage\",\"url\":\"https:\\\/\\\/ozziemelendez.com\\\/e-book\\\/wp-content\\\/uploads\\\/2023\\\/04\\\/trombon-spanish.png\",\"contentUrl\":\"https:\\\/\\\/ozziemelendez.com\\\/e-book\\\/wp-content\\\/uploads\\\/2023\\\/04\\\/trombon-spanish.png\",\"width\":1925,\"height\":2329},{\"@type\":\"BreadcrumbList\",\"@id\":\"https:\\\/\\\/ozziemelendez.com\\\/e-book\\\/product\\\/flexibilidad-dinamica-para-trombon-ebook\\\/#breadcrumb\",\"itemListElement\":[{\"@type\":\"ListItem\",\"position\":1,\"name\":\"Home\",\"item\":\"https:\\\/\\\/ozziemelendez.com\\\/e-book\\\/\"},{\"@type\":\"ListItem\",\"position\":2,\"name\":\"Shop\",\"item\":\"https:\\\/\\\/ozziemelendez.com\\\/e-book\\\/shop\\\/\"},{\"@type\":\"ListItem\",\"position\":3,\"name\":\"Flexibilidad Din\u00e1mica Para Tromb\u00f3n- Ebook\"}]},{\"@type\":\"WebSite\",\"@id\":\"https:\\\/\\\/ozziemelendez.com\\\/e-book\\\/#website\",\"url\":\"https:\\\/\\\/ozziemelendez.com\\\/e-book\\\/\",\"name\":\"E-Book\",\"description\":\"Ozzie Melendez\",\"potentialAction\":[{\"@type\":\"SearchAction\",\"target\":{\"@type\":\"EntryPoint\",\"urlTemplate\":\"https:\\\/\\\/ozziemelendez.com\\\/e-book\\\/?s={search_term_string}\"},\"query-input\":{\"@type\":\"PropertyValueSpecification\",\"valueRequired\":true,\"valueName\":\"search_term_string\"}}],\"inLanguage\":\"en-US\"}]}<\/script>\n<!-- \/ Yoast SEO plugin. -->","yoast_head_json":{"title":"Flexibilidad Din\u00e1mica Para Tromb\u00f3n- Ebook - E-Book","description":"\"These are some of the best flexibility exercises I\u2019ve ever been challenged with. Take it on and good luck! \u201c -Luis Bonilla","robots":{"index":"index","follow":"follow","max-snippet":"max-snippet:-1","max-image-preview":"max-image-preview:large","max-video-preview":"max-video-preview:-1"},"canonical":"https:\/\/ozziemelendez.com\/e-book\/product\/flexibilidad-dinamica-para-trombon-ebook\/","og_locale":"en_US","og_type":"article","og_title":"Flexibilidad Din\u00e1mica Para Tromb\u00f3n- Ebook - E-Book","og_description":"\"These are some of the best flexibility exercises I\u2019ve ever been challenged with. Take it on and good luck! \u201c -Luis Bonilla","og_url":"https:\/\/ozziemelendez.com\/e-book\/product\/flexibilidad-dinamica-para-trombon-ebook\/","og_site_name":"E-Book","article_modified_time":"2023-04-24T15:44:20+00:00","og_image":[{"width":846,"height":1024,"url":"https:\/\/ozziemelendez.com\/e-book\/wp-content\/uploads\/2023\/04\/trombon-spanish-846x1024.png","type":"image\/png"}],"twitter_card":"summary_large_image","twitter_misc":{"Est. reading time":"1 minute"},"schema":{"@context":"https:\/\/schema.org","@graph":[{"@type":"WebPage","@id":"https:\/\/ozziemelendez.com\/e-book\/product\/flexibilidad-dinamica-para-trombon-ebook\/","url":"https:\/\/ozziemelendez.com\/e-book\/product\/flexibilidad-dinamica-para-trombon-ebook\/","name":"Flexibilidad Din\u00e1mica Para Tromb\u00f3n- Ebook - E-Book","isPartOf":{"@id":"https:\/\/ozziemelendez.com\/e-book\/#website"},"primaryImageOfPage":{"@id":"https:\/\/ozziemelendez.com\/e-book\/product\/flexibilidad-dinamica-para-trombon-ebook\/#primaryimage"},"image":{"@id":"https:\/\/ozziemelendez.com\/e-book\/product\/flexibilidad-dinamica-para-trombon-ebook\/#primaryimage"},"thumbnailUrl":"https:\/\/ozziemelendez.com\/e-book\/wp-content\/uploads\/2023\/04\/trombon-spanish.png","datePublished":"2023-04-20T17:30:31+00:00","dateModified":"2023-04-24T15:44:20+00:00","description":"\"These are some of the best flexibility exercises I\u2019ve ever been challenged with. Take it on and good luck! \u201c -Luis Bonilla","breadcrumb":{"@id":"https:\/\/ozziemelendez.com\/e-book\/product\/flexibilidad-dinamica-para-trombon-ebook\/#breadcrumb"},"inLanguage":"en-US","potentialAction":[{"@type":"ReadAction","target":["https:\/\/ozziemelendez.com\/e-book\/product\/flexibilidad-dinamica-para-trombon-ebook\/"]}]},{"@type":"ImageObject","inLanguage":"en-US","@id":"https:\/\/ozziemelendez.com\/e-book\/product\/flexibilidad-dinamica-para-trombon-ebook\/#primaryimage","url":"https:\/\/ozziemelendez.com\/e-book\/wp-content\/uploads\/2023\/04\/trombon-spanish.png","contentUrl":"https:\/\/ozziemelendez.com\/e-book\/wp-content\/uploads\/2023\/04\/trombon-spanish.png","width":1925,"height":2329},{"@type":"BreadcrumbList","@id":"https:\/\/ozziemelendez.com\/e-book\/product\/flexibilidad-dinamica-para-trombon-ebook\/#breadcrumb","itemListElement":[{"@type":"ListItem","position":1,"name":"Home","item":"https:\/\/ozziemelendez.com\/e-book\/"},{"@type":"ListItem","position":2,"name":"Shop","item":"https:\/\/ozziemelendez.com\/e-book\/shop\/"},{"@type":"ListItem","position":3,"name":"Flexibilidad Din\u00e1mica Para Tromb\u00f3n- Ebook"}]},{"@type":"WebSite","@id":"https:\/\/ozziemelendez.com\/e-book\/#website","url":"https:\/\/ozziemelendez.com\/e-book\/","name":"E-Book","description":"Ozzie Melendez","potentialAction":[{"@type":"SearchAction","target":{"@type":"EntryPoint","urlTemplate":"https:\/\/ozziemelendez.com\/e-book\/?s={search_term_string}"},"query-input":{"@type":"PropertyValueSpecification","valueRequired":true,"valueName":"search_term_string"}}],"inLanguage":"en-US"}]}},"jetpack_sharing_enabled":true,"_links":{"self":[{"href":"https:\/\/ozziemelendez.com\/e-book\/wp-json\/wp\/v2\/product\/21","targetHints":{"allow":["GET"]}}],"collection":[{"href":"https:\/\/ozziemelendez.com\/e-book\/wp-json\/wp\/v2\/product"}],"about":[{"href":"https:\/\/ozziemelendez.com\/e-book\/wp-json\/wp\/v2\/types\/product"}],"replies":[{"embeddable":true,"href":"https:\/\/ozziemelendez.com\/e-book\/wp-json\/wp\/v2\/comments?post=21"}],"wp:featuredmedia":[{"embeddable":true,"href":"https:\/\/ozziemelendez.com\/e-book\/wp-json\/wp\/v2\/media\/22"}],"wp:attachment":[{"href":"https:\/\/ozziemelendez.com\/e-book\/wp-json\/wp\/v2\/media?parent=21"}],"wp:term":[{"taxonomy":"product_brand","embeddable":true,"href":"https:\/\/ozziemelendez.com\/e-book\/wp-json\/wp\/v2\/product_brand?post=21"},{"taxonomy":"product_cat","embeddable":true,"href":"https:\/\/ozziemelendez.com\/e-book\/wp-json\/wp\/v2\/product_cat?post=21"},{"taxonomy":"product_tag","embeddable":true,"href":"https:\/\/ozziemelendez.com\/e-book\/wp-json\/wp\/v2\/product_tag?post=21"}],"curies":[{"name":"wp","href":"https:\/\/api.w.org\/{rel}","templated":true}]}}